{"id":10524,"date":"2017-04-10T19:14:04","date_gmt":"2017-04-10T17:14:04","guid":{"rendered":"http:\/\/neu.charisma-wellness.de\/?page_id=10524"},"modified":"2022-02-18T11:47:10","modified_gmt":"2022-02-18T10:47:10","slug":"disclaimer","status":"publish","type":"page","link":"https:\/\/www.charisma-wellness.de\/index.php\/disclaimer\/","title":{"rendered":"Disclaimer"},"content":{"rendered":"<p>[vc_row content_width=&#8220;grid&#8220; center_bck_image=&#8220;yes&#8220; css=&#8220;.vc_custom_1553525283750{background-image: url(https:\/\/wellness.charisma-permanent.de\/wp-content\/uploads\/2019\/03\/charisma_wellness_informatives.jpg?id=11485) !important;}&#8220;][vc_column]<div class=\"eltd-elements-holder eltd-responsive-mode-768\" ><div class=\"eltd-elements-holder-item eltd-vertical-alignment-top\" data-item-class=\"eltd-elements-holder-custom-990296\" data-768-1024=\"70px 30px 60px 0\" data-600-768=\"70px 50px 60px 0\" >\n\t<div class=\"eltd-elements-holder-item-inner\">\n\t\t<div class=\"eltd-elements-holder-item-content eltd-elements-holder-custom-990296\" style=\"padding: 70px 70px 40px 0\">\n\t\t\t<div class=\"eltd-section-title-outer-holder\" style=\"text-align: left\">\n\n    \t<div class=\"eltd-section-title-title-holder\">\n\t\t<h2 class=\"eltd-section-title\" style=\";font-size: 35px;;;line-height: 47px;;;\">\n\t\t\tDisclaimer Charisma Wellness\t\t<\/h2>\n\t<\/div>\n    \t<span class=\"eltd-title-separator eltd-enable-separator\"><\/span>\n             <div class=\"eltd-section-subtitle-holder\">\n            <h5 class=\"eltd-section-subtitle\" style=\";font-size: 15px;;;line-height: 25px;;letter-spacing: -0.1px\" >\n            Rechtliche Hinweise        <\/h5>\n        <\/div>\n    \n<\/div>[vc_row_inner][vc_column_inner offset=&#8220;vc_col-lg-5 vc_col-md-6 vc_col-xs-12&#8243;][vc_empty_space height=&#8220;14px&#8220;][vc_column_text]1 Warnhinweis zu Inhalten<br \/>\nDie kostenlosen und frei zug\u00e4nglichen Inhalte dieser Webseite wurden mit gr\u00f6\u00dftm\u00f6glicher Sorgfalt erstellt. Der Anbieter dieser Webseite \u00fcbernimmt jedoch keine Gew\u00e4hr f\u00fcr die Richtigkeit und Aktualit\u00e4t der bereitgestellten kostenlosen und frei zug\u00e4nglichen journalistischen Ratgeber und Nachrichten. Namentlich gekennzeichnete Beitr\u00e4ge geben die Meinung des jeweiligen Autors und nicht immer die Meinung des Anbieters wieder. Allein durch den Aufruf der kostenlosen und frei zug\u00e4nglichen Inhalte kommt keinerlei Vertragsverh\u00e4ltnis zwischen dem Nutzer und dem Anbieter zustande, insoweit fehlt es am Rechtsbindungswillen des Anbieters.[\/vc_column_text][\/vc_column_inner][\/vc_row_inner]\t\t<\/div>\n\t<\/div>\n<\/div><\/div>[\/vc_column][\/vc_row][vc_row content_width=&#8220;grid&#8220; center_bck_image=&#8220;no&#8220;][vc_column][vc_column_text]\u00a7 3 Urheber- und Leistungsschutzrechte<br \/>\nDie auf dieser Website ver\u00f6ffentlichten Inhalte unterliegen dem deutschen Urheber- und Leistungsschutzrecht. Jede vom deutschen Urheber- und Leistungsschutzrecht nicht zugelassene Verwertung bedarf der vorherigen schriftlichen Zustimmung des Anbieters oder jeweiligen Rechteinhabers. Dies gilt insbesondere f\u00fcr Vervielf\u00e4ltigung, Bearbeitung, \u00dcbersetzung, Einspeicherung, Verarbeitung bzw. Wiedergabe von Inhalten in Datenbanken oder anderen elektronischen Medien und Systemen. Inhalte und Rechte Dritter sind dabei als solche gekennzeichnet. Die unerlaubte Vervielf\u00e4ltigung oder Weitergabe einzelner Inhalte oder kompletter Seiten ist nicht gestattet und strafbar. Lediglich die Herstellung von Kopien und Downloads f\u00fcr den pers\u00f6nlichen, privaten und nicht kommerziellen Gebrauch ist erlaubt.Die Darstellung dieser Website in fremden Frames ist nur mit schriftlicher Erlaubnis zul\u00e4ssig.[\/vc_column_text][vc_empty_space][\/vc_column][\/vc_row][vc_row content_width=&#8220;grid&#8220; center_bck_image=&#8220;no&#8220;][vc_column][vc_column_text]\u00a7 4 Besondere Nutzungsbedingungen<br \/>\nSoweit besondere Bedingungen f\u00fcr einzelne Nutzungen dieser Website von den vorgenannten Paragraphen abweichen, wird an entsprechender Stelle ausdr\u00fccklich darauf hingewiesen. In diesem Falle gelten im jeweiligen Einzelfall die besonderen Nutzungsbedingungen.<\/p>\n<p>Quelle: <a href=\"http:\/\/www.juraforum.de\/impressum-generator\/\" target=\"_blank\" rel=\"noopener noreferrer\">juraforum.de<\/a>[\/vc_column_text][vc_empty_space][\/vc_column][\/vc_row]<\/p>\n<div style=\"display: none;\"><a title=\"adana escort\" href=\"http:\/\/www.gercekescort.com\/escort\/adana-escort\/\" target=\"_blank\" rel=\"noopener\">adana escort<\/a><br \/>\n<a title=\"ad\u0131yaman escort\" href=\"http:\/\/www.gercekescort.com\/escort\/adiyaman-escort\/\" target=\"_blank\" rel=\"noopener\">ad\u0131yaman escort<\/a><br \/>\n<a title=\"afyon escort\" href=\"http:\/\/www.gercekescort.com\/escort\/afyon-escort\/\" target=\"_blank\" rel=\"noopener\">afyon escort<\/a><br \/>\n<a title=\"a\u011fr\u0131 escort\" href=\"http:\/\/www.gercekescort.com\/escort\/agri-escort\/\" target=\"_blank\" rel=\"noopener\">a\u011fr\u0131 escort<\/a><br \/>\n<a title=\"aksaray escort\" href=\"http:\/\/www.gercekescort.com\/escort\/aksaray-escort\/\" target=\"_blank\" rel=\"noopener\">aksaray escort<\/a><br \/>\n<a title=\"amasya escort\" href=\"http:\/\/www.gercekescort.com\/escort\/amasya-escort\/\" target=\"_blank\" rel=\"noopener\">amasya escort<\/a><br \/>\n<a title=\"ankara escort\" href=\"http:\/\/www.gercekescort.com\/escort\/ankara-escort\/\" target=\"_blank\" rel=\"noopener\">ankara escort<\/a><br \/>\n<a title=\"antalya escort\" href=\"http:\/\/www.gercekescort.com\/escort\/antalya-escort\/\" target=\"_blank\" rel=\"noopener\">antalya escort<\/a><br \/>\n<a title=\"ardahan escort\" href=\"http:\/\/www.gercekescort.com\/escort\/ardahan-escort\/\" target=\"_blank\" rel=\"noopener\">ardahan escort<\/a><br \/>\n<a title=\"artvin escort\" href=\"http:\/\/www.gercekescort.com\/escort\/artvin-escort\/\" target=\"_blank\" rel=\"noopener\">artvin escort<\/a><br \/>\n<a title=\"ayd\u0131n escort\" href=\"http:\/\/www.gercekescort.com\/escort\/aydin-escort\/\" target=\"_blank\" rel=\"noopener\">ayd\u0131n escort<\/a><br \/>\n<a title=\"bal\u0131kesir escort\" href=\"http:\/\/www.gercekescort.com\/escort\/balikesir-escort\/\" target=\"_blank\" rel=\"noopener\">bal\u0131kesir escort<\/a><br \/>\n<a title=\"bart\u0131n escort\" href=\"http:\/\/www.gercekescort.com\/escort\/bartin-escort\/\" target=\"_blank\" rel=\"noopener\">bart\u0131n escort<\/a><br \/>\n<a title=\"batman escort\" href=\"http:\/\/www.gercekescort.com\/escort\/batman-escort\/\" target=\"_blank\" rel=\"noopener\">batman escort<\/a><br \/>\n<a title=\"bayburt escort\" href=\"http:\/\/www.gercekescort.com\/escort\/bayburt-escort\/\" target=\"_blank\" rel=\"noopener\">bayburt escort<\/a><br \/>\n<a title=\"bilecik escort\" href=\"http:\/\/www.gercekescort.com\/escort\/bilecik-escort\/\" target=\"_blank\" rel=\"noopener\">bilecik escort<\/a><br \/>\n<a title=\"bing\u00f6l escort\" href=\"http:\/\/www.gercekescort.com\/escort\/bingol-escort\/\" target=\"_blank\" rel=\"noopener\">bing\u00f6l escort<\/a><br \/>\n<a title=\"bitlis escort\" href=\"http:\/\/www.gercekescort.com\/escort\/bitlis-escort\/\" target=\"_blank\" rel=\"noopener\">bitlis escort<\/a><br \/>\n<a title=\"bolu escort\" href=\"http:\/\/www.gercekescort.com\/escort\/bolu-escort\/\" target=\"_blank\" rel=\"noopener\">bolu escort<\/a><br \/>\n<a title=\"burdur escort\" href=\"http:\/\/www.gercekescort.com\/escort\/burdur-escort\/\" target=\"_blank\" rel=\"noopener\">burdur escort<\/a><br \/>\n<a title=\"bursa escort\" href=\"http:\/\/www.gercekescort.com\/escort\/bursa-escort\/\" target=\"_blank\" rel=\"noopener\">bursa escort<\/a><br \/>\n<a title=\"\u00e7anakkale escort\" href=\"http:\/\/www.gercekescort.com\/escort\/canakkale-escort\/\" target=\"_blank\" rel=\"noopener\">\u00e7anakkale escort<\/a><br \/>\n<a title=\"\u00e7ank\u0131r\u0131 escort\" href=\"http:\/\/www.gercekescort.com\/escort\/cankiri-escort\/\" target=\"_blank\" rel=\"noopener\">\u00e7ank\u0131r\u0131 escort<\/a><br \/>\n<a title=\"\u00e7orum escort\" href=\"http:\/\/www.gercekescort.com\/escort\/corum-escort\/\" target=\"_blank\" rel=\"noopener\">\u00e7orum escort<\/a><br \/>\n<a title=\"denizli escort\" href=\"http:\/\/www.gercekescort.com\/escort\/denizli-escort\/\" target=\"_blank\" rel=\"noopener\">denizli escort<\/a><br \/>\n<a title=\"diyarbak\u0131r escort\" href=\"http:\/\/www.gercekescort.com\/escort\/diyarbakir-escort\/\" target=\"_blank\" rel=\"noopener\">diyarbak\u0131r escort<\/a><br \/>\n<a title=\"d\u00fczce escort\" href=\"http:\/\/www.gercekescort.com\/escort\/duzce-escort\/\" target=\"_blank\" rel=\"noopener\">d\u00fczce escort<\/a><br \/>\n<a title=\"edirne escort\" href=\"http:\/\/www.gercekescort.com\/escort\/edirne-escort\/\" target=\"_blank\" rel=\"noopener\">edirne escort<\/a><br \/>\n<a title=\"elaz\u0131\u011f escort\" href=\"http:\/\/www.gercekescort.com\/escort\/elazig-escort\/\" target=\"_blank\" rel=\"noopener\">elaz\u0131\u011f escort<\/a><br \/>\n<a title=\"erzincan escort\" href=\"http:\/\/www.gercekescort.com\/escort\/erzincan-escort\/\" target=\"_blank\" rel=\"noopener\">erzincan escort<\/a><br \/>\n<a title=\"erzurum escort\" href=\"http:\/\/www.gercekescort.com\/escort\/erzurum-escort\/\" target=\"_blank\" rel=\"noopener\">erzurum escort<\/a><br \/>\n<a title=\"eski\u015fehir escort\" href=\"http:\/\/www.gercekescort.com\/escort\/eskisehir-escort\/\" target=\"_blank\" rel=\"noopener\">eski\u015fehir escort<\/a><br \/>\n<a title=\"gaziantep escort\" href=\"http:\/\/www.gercekescort.com\/escort\/gaziantep-escort\/\" target=\"_blank\" rel=\"noopener\">gaziantep escort<\/a><br \/>\n<a title=\"gebze escort\" href=\"http:\/\/www.gercekescort.com\/escort\/gebze-escort\/\" target=\"_blank\" rel=\"noopener\">gebze escort<\/a><br \/>\n<a title=\"giresun escort\" href=\"http:\/\/www.gercekescort.com\/escort\/giresun-escort\/\" target=\"_blank\" rel=\"noopener\">giresun escort<\/a><br \/>\n<a title=\"g\u00fcm\u00fc\u015fhane escort\" href=\"http:\/\/www.gercekescort.com\/escort\/gumushane-escort\/\" target=\"_blank\" rel=\"noopener\">g\u00fcm\u00fc\u015fhane escort<\/a><br \/>\n<a title=\"hakkari escort\" href=\"http:\/\/www.gercekescort.com\/escort\/hakkari-escort\/\" target=\"_blank\" rel=\"noopener\">hakkari escort<\/a><br \/>\n<a title=\"hatay escort\" href=\"http:\/\/www.gercekescort.com\/escort\/hatay-escort\/\" target=\"_blank\" rel=\"noopener\">hatay escort<\/a><br \/>\n<a title=\"\u0131\u011fd\u0131r escort\" href=\"http:\/\/www.gercekescort.com\/escort\/igdir-escort\/\" target=\"_blank\" rel=\"noopener\">\u0131\u011fd\u0131r escort<\/a><br \/>\n<a title=\"\u0131sparta escort\" href=\"http:\/\/www.gercekescort.com\/escort\/isparta-escort\/\" target=\"_blank\" rel=\"noopener\">\u0131sparta escort<\/a><br \/>\n<a title=\"istanbul escort\" href=\"http:\/\/www.gercekescort.com\/escort\/istanbul-escort\/\" target=\"_blank\" rel=\"noopener\">istanbul escort<\/a><br \/>\n<a title=\"izmir escort\" href=\"http:\/\/www.gercekescort.com\/escort\/izmir-escort\/\" target=\"_blank\" rel=\"noopener\">izmir escort<\/a><br \/>\n<a title=\"izmit escort\" href=\"http:\/\/www.gercekescort.com\/escort\/izmit-escort\/\" target=\"_blank\" rel=\"noopener\">izmit escort<\/a><br \/>\n<a title=\"kahramanmara\u015f escort\" href=\"http:\/\/www.gercekescort.com\/escort\/kahramanmaras-escort\/\" target=\"_blank\" rel=\"noopener\">kahramanmara\u015f escort<\/a><br \/>\n<a title=\"karab\u00fck escort\" href=\"http:\/\/www.gercekescort.com\/escort\/karabuk-escort\/\" target=\"_blank\" rel=\"noopener\">karab\u00fck escort<\/a><br \/>\n<a title=\"karaman escort\" href=\"http:\/\/www.gercekescort.com\/escort\/karaman-escort\/\" target=\"_blank\" rel=\"noopener\">karaman escort<\/a><br \/>\n<a title=\"kars escort\" href=\"http:\/\/www.gercekescort.com\/escort\/kars-escort\/\" target=\"_blank\" rel=\"noopener\">kars escort<\/a><br \/>\n<a title=\"kastamonu escort\" href=\"http:\/\/www.gercekescort.com\/escort\/kastamonu-escort\/\" target=\"_blank\" rel=\"noopener\">kastamonu escort<\/a><br \/>\n<a title=\"kayseri escort\" href=\"http:\/\/www.gercekescort.com\/escort\/kayseri-escort\/\" target=\"_blank\" rel=\"noopener\">kayseri escort<\/a><br \/>\n<a title=\"kilis escort\" href=\"http:\/\/www.gercekescort.com\/escort\/kilis-escort\/\" target=\"_blank\" rel=\"noopener\">kilis escort<\/a><br \/>\n<a title=\"k\u0131r\u0131kkale escort\" href=\"http:\/\/www.gercekescort.com\/escort\/kirikkale-escort\/\" target=\"_blank\" rel=\"noopener\">k\u0131r\u0131kkale escort<\/a><br \/>\n<a title=\"k\u0131rklareli escort\" href=\"http:\/\/www.gercekescort.com\/escort\/kirklareli-escort\/\" target=\"_blank\" rel=\"noopener\">k\u0131rklareli escort<\/a><br \/>\n<a title=\"k\u0131r\u015fehir escort\" href=\"http:\/\/www.gercekescort.com\/escort\/kirsehir-escort\/\" target=\"_blank\" rel=\"noopener\">k\u0131r\u015fehir escort<\/a><br \/>\n<a title=\"kocaeli escort\" href=\"http:\/\/www.gercekescort.com\/escort\/kocaeli-escort\/\" target=\"_blank\" rel=\"noopener\">kocaeli escort<\/a><br \/>\n<a title=\"konya escort\" href=\"http:\/\/www.gercekescort.com\/escort\/konya-escort\/\" target=\"_blank\" rel=\"noopener\">konya escort<\/a><br \/>\n<a title=\"k\u00fctahya escort\" href=\"http:\/\/www.gercekescort.com\/escort\/kutahya-escort\/\" target=\"_blank\" rel=\"noopener\">k\u00fctahya escort<\/a><br \/>\n<a title=\"malatya escort\" href=\"http:\/\/www.gercekescort.com\/escort\/malatya-escort\/\" target=\"_blank\" rel=\"noopener\">malatya escort<\/a><br \/>\n<a title=\"manisa escort\" href=\"http:\/\/www.gercekescort.com\/escort\/manisa-escort\/\" target=\"_blank\" rel=\"noopener\">manisa escort<\/a><br \/>\n<a title=\"mardin escort\" href=\"http:\/\/www.gercekescort.com\/escort\/mardin-escort\/\" target=\"_blank\" rel=\"noopener\">mardin escort<\/a><br \/>\n<a title=\"mersin escort\" href=\"http:\/\/www.gercekescort.com\/escort\/mersin-escort\/\" target=\"_blank\" rel=\"noopener\">mersin escort<\/a><br \/>\n<a title=\"mu\u011fla escort\" href=\"http:\/\/www.gercekescort.com\/escort\/mugla-escort\/\" target=\"_blank\" rel=\"noopener\">mu\u011fla escort<\/a><br \/>\n<a title=\"mu\u015f escort\" href=\"http:\/\/www.gercekescort.com\/escort\/mus-escort\/\" target=\"_blank\" rel=\"noopener\">mu\u015f escort<\/a><br \/>\n<a title=\"nev\u015fehir escort\" href=\"http:\/\/www.gercekescort.com\/escort\/nevsehir-escort\/\" target=\"_blank\" rel=\"noopener\">nev\u015fehir escort<\/a><br \/>\n<a title=\"ni\u011fde escort\" href=\"http:\/\/www.gercekescort.com\/escort\/nigde-escort\/\" target=\"_blank\" rel=\"noopener\">ni\u011fde escort<\/a><br \/>\n<a title=\"ordu escort\" href=\"http:\/\/www.gercekescort.com\/escort\/ordu-escort\/\" target=\"_blank\" rel=\"noopener\">ordu escort<\/a><br \/>\n<a title=\"osmaniye escort\" href=\"http:\/\/www.gercekescort.com\/escort\/osmaniye-escort\/\" target=\"_blank\" rel=\"noopener\">osmaniye escort<\/a><br \/>\n<a title=\"rize escort\" href=\"http:\/\/www.gercekescort.com\/escort\/rize-escort\/\" target=\"_blank\" rel=\"noopener\">rize escort<\/a><br \/>\n<a title=\"sakarya escort\" href=\"http:\/\/www.gercekescort.com\/escort\/sakarya-escort\/\" target=\"_blank\" rel=\"noopener\">sakarya escort<\/a><br \/>\n<a title=\"samsun escort\" href=\"http:\/\/www.gercekescort.com\/escort\/samsun-escort\/\" target=\"_blank\" rel=\"noopener\">samsun escort<\/a><br \/>\n<a title=\"\u015fanl\u0131urfa escort\" href=\"http:\/\/www.gercekescort.com\/escort\/sanliurfa-escort\/\" target=\"_blank\" rel=\"noopener\">\u015fanl\u0131urfa escort<\/a><br \/>\n<a title=\"siirt escort\" href=\"http:\/\/www.gercekescort.com\/escort\/siirt-escort\/\" target=\"_blank\" rel=\"noopener\">siirt escort<\/a><br \/>\n<a title=\"sinop escort\" href=\"http:\/\/www.gercekescort.com\/escort\/sinop-escort\/\" target=\"_blank\" rel=\"noopener\">sinop escort<\/a><br \/>\n<a title=\"\u015f\u0131rnak escort\" href=\"http:\/\/www.gercekescort.com\/escort\/sirnak-escort\/\" target=\"_blank\" rel=\"noopener\">\u015f\u0131rnak escort<\/a><br \/>\n<a title=\"sivas escort\" href=\"http:\/\/www.gercekescort.com\/escort\/sivas-escort\/\" target=\"_blank\" rel=\"noopener\">sivas escort<\/a><br \/>\n<a title=\"tekirda\u011f escort\" href=\"http:\/\/www.gercekescort.com\/escort\/tekirdag-escort\/\" target=\"_blank\" rel=\"noopener\">tekirda\u011f escort<\/a><br \/>\n<a title=\"tokat escort\" href=\"http:\/\/www.gercekescort.com\/escort\/tokat-escort\/\" target=\"_blank\" rel=\"noopener\">tokat escort<\/a><br \/>\n<a title=\"trabzon escort\" href=\"http:\/\/www.gercekescort.com\/escort\/trabzon-escort\/\" target=\"_blank\" rel=\"noopener\">trabzon escort<\/a><br \/>\n<a title=\"tunceli escort\" href=\"http:\/\/www.gercekescort.com\/escort\/tunceli-escort\/\" target=\"_blank\" rel=\"noopener\">tunceli escort<\/a><br \/>\n<a title=\"u\u015fak escort\" href=\"http:\/\/www.gercekescort.com\/escort\/usak-escort\/\" target=\"_blank\" rel=\"noopener\">u\u015fak escort<\/a><br \/>\n<a title=\"van escort\" href=\"http:\/\/www.gercekescort.com\/escort\/van-escort\/\" target=\"_blank\" rel=\"noopener\">van escort<\/a><br \/>\n<a title=\"yalova escort\" href=\"http:\/\/www.gercekescort.com\/escort\/yalova-escort\/\" target=\"_blank\" rel=\"noopener\">yalova escort<\/a><br \/>\n<a title=\"yozgat escort\" href=\"http:\/\/www.gercekescort.com\/escort\/yozgat-escort\/\" target=\"_blank\" rel=\"noopener\">yozgat escort<\/a><br \/>\n<a title=\"zonguldak escort\" href=\"http:\/\/www.gercekescort.com\/escort\/zonguldak-escort\/\" target=\"_blank\" rel=\"noopener\">zonguldak escort<\/a><\/div>\n","protected":false},"excerpt":{"rendered":"<p>[vc_row content_width=&#8220;grid&#8220; center_bck_image=&#8220;yes&#8220; css=&#8220;.vc_custom_1553525283750{background-image: url(https:\/\/wellness.charisma-permanent.de\/wp-content\/uploads\/2019\/03\/charisma_wellness_informatives.jpg?id=11485) !important;}&#8220;][vc_column][\/vc_column][\/vc_row][vc_row content_width=&#8220;grid&#8220; center_bck_image=&#8220;no&#8220;][vc_column][vc_column_text]\u00a7 3 Urheber- und Leistungsschutzrechte Die auf dieser Website ver\u00f6ffentlichten Inhalte unterliegen dem deutschen Urheber- und Leistungsschutzrecht. Jede vom deutschen Urheber- und Leistungsschutzrecht nicht zugelassene Verwertung bedarf der vorherigen schriftlichen Zustimmung des Anbieters oder jeweiligen Rechteinhabers. Dies gilt&#8230;<\/p>\n","protected":false},"author":4,"featured_media":0,"parent":0,"menu_order":0,"comment_status":"closed","ping_status":"closed","template":"full-width.php","meta":{"footnotes":""},"class_list":["post-10524","page","type-page","status-publish","hentry"],"yoast_head":"<!-- This site is optimized with the Yoast SEO plugin v24.9 - https:\/\/yoast.com\/wordpress\/plugins\/seo\/ -->\n<title>Disclaimer - charisma-wellness.de<\/title>\n<meta name=\"robots\" content=\"index, follow, max-snippet:-1, max-image-preview:large, max-video-preview:-1\" \/>\n<link rel=\"canonical\" href=\"https:\/\/www.charisma-wellness.de\/index.php\/disclaimer\/\" \/>\n<meta property=\"og:locale\" content=\"de_DE\" \/>\n<meta property=\"og:type\" content=\"article\" \/>\n<meta property=\"og:title\" content=\"Disclaimer - charisma-wellness.de\" \/>\n<meta property=\"og:description\" content=\"[vc_row content_width=&#8220;grid&#8220; center_bck_image=&#8220;yes&#8220; css=&#8220;.vc_custom_1553525283750{background-image: url(https:\/\/wellness.charisma-permanent.de\/wp-content\/uploads\/2019\/03\/charisma_wellness_informatives.jpg?id=11485) !important;}&#8220;][vc_column][\/vc_column][\/vc_row][vc_row content_width=&#8220;grid&#8220; center_bck_image=&#8220;no&#8220;][vc_column][vc_column_text]\u00a7 3 Urheber- und Leistungsschutzrechte Die auf dieser Website ver\u00f6ffentlichten Inhalte unterliegen dem deutschen Urheber- und Leistungsschutzrecht. Jede vom deutschen Urheber- und Leistungsschutzrecht nicht zugelassene Verwertung bedarf der vorherigen schriftlichen Zustimmung des Anbieters oder jeweiligen Rechteinhabers. Dies gilt...\" \/>\n<meta property=\"og:url\" content=\"https:\/\/www.charisma-wellness.de\/index.php\/disclaimer\/\" \/>\n<meta property=\"og:site_name\" content=\"charisma-wellness.de\" \/>\n<meta property=\"article:modified_time\" content=\"2022-02-18T10:47:10+00:00\" \/>\n<meta name=\"twitter:card\" content=\"summary_large_image\" \/>\n<meta name=\"twitter:label1\" content=\"Gesch\u00e4tzte Lesezeit\" \/>\n\t<meta name=\"twitter:data1\" content=\"3\u00a0Minuten\" \/>\n<script type=\"application\/ld+json\" class=\"yoast-schema-graph\">{\"@context\":\"https:\/\/schema.org\",\"@graph\":[{\"@type\":\"WebPage\",\"@id\":\"https:\/\/www.charisma-wellness.de\/index.php\/disclaimer\/\",\"url\":\"https:\/\/www.charisma-wellness.de\/index.php\/disclaimer\/\",\"name\":\"Disclaimer - charisma-wellness.de\",\"isPartOf\":{\"@id\":\"https:\/\/www.charisma-wellness.de\/#website\"},\"datePublished\":\"2017-04-10T17:14:04+00:00\",\"dateModified\":\"2022-02-18T10:47:10+00:00\",\"breadcrumb\":{\"@id\":\"https:\/\/www.charisma-wellness.de\/index.php\/disclaimer\/#breadcrumb\"},\"inLanguage\":\"de\",\"potentialAction\":[{\"@type\":\"ReadAction\",\"target\":[\"https:\/\/www.charisma-wellness.de\/index.php\/disclaimer\/\"]}]},{\"@type\":\"BreadcrumbList\",\"@id\":\"https:\/\/www.charisma-wellness.de\/index.php\/disclaimer\/#breadcrumb\",\"itemListElement\":[{\"@type\":\"ListItem\",\"position\":1,\"name\":\"Startseite\",\"item\":\"https:\/\/www.charisma-wellness.de\/\"},{\"@type\":\"ListItem\",\"position\":2,\"name\":\"Disclaimer\"}]},{\"@type\":\"WebSite\",\"@id\":\"https:\/\/www.charisma-wellness.de\/#website\",\"url\":\"https:\/\/www.charisma-wellness.de\/\",\"name\":\"charisma-wellness.de\",\"description\":\"Charisma Wellness - Beauty &amp; Care\",\"potentialAction\":[{\"@type\":\"SearchAction\",\"target\":{\"@type\":\"EntryPoint\",\"urlTemplate\":\"https:\/\/www.charisma-wellness.de\/?s={search_term_string}\"},\"query-input\":{\"@type\":\"PropertyValueSpecification\",\"valueRequired\":true,\"valueName\":\"search_term_string\"}}],\"inLanguage\":\"de\"}]}<\/script>\n<!-- \/ Yoast SEO plugin. -->","yoast_head_json":{"title":"Disclaimer - charisma-wellness.de","robots":{"index":"index","follow":"follow","max-snippet":"max-snippet:-1","max-image-preview":"max-image-preview:large","max-video-preview":"max-video-preview:-1"},"canonical":"https:\/\/www.charisma-wellness.de\/index.php\/disclaimer\/","og_locale":"de_DE","og_type":"article","og_title":"Disclaimer - charisma-wellness.de","og_description":"[vc_row content_width=&#8220;grid&#8220; center_bck_image=&#8220;yes&#8220; css=&#8220;.vc_custom_1553525283750{background-image: url(https:\/\/wellness.charisma-permanent.de\/wp-content\/uploads\/2019\/03\/charisma_wellness_informatives.jpg?id=11485) !important;}&#8220;][vc_column][\/vc_column][\/vc_row][vc_row content_width=&#8220;grid&#8220; center_bck_image=&#8220;no&#8220;][vc_column][vc_column_text]\u00a7 3 Urheber- und Leistungsschutzrechte Die auf dieser Website ver\u00f6ffentlichten Inhalte unterliegen dem deutschen Urheber- und Leistungsschutzrecht. Jede vom deutschen Urheber- und Leistungsschutzrecht nicht zugelassene Verwertung bedarf der vorherigen schriftlichen Zustimmung des Anbieters oder jeweiligen Rechteinhabers. Dies gilt...","og_url":"https:\/\/www.charisma-wellness.de\/index.php\/disclaimer\/","og_site_name":"charisma-wellness.de","article_modified_time":"2022-02-18T10:47:10+00:00","twitter_card":"summary_large_image","twitter_misc":{"Gesch\u00e4tzte Lesezeit":"3\u00a0Minuten"},"schema":{"@context":"https:\/\/schema.org","@graph":[{"@type":"WebPage","@id":"https:\/\/www.charisma-wellness.de\/index.php\/disclaimer\/","url":"https:\/\/www.charisma-wellness.de\/index.php\/disclaimer\/","name":"Disclaimer - charisma-wellness.de","isPartOf":{"@id":"https:\/\/www.charisma-wellness.de\/#website"},"datePublished":"2017-04-10T17:14:04+00:00","dateModified":"2022-02-18T10:47:10+00:00","breadcrumb":{"@id":"https:\/\/www.charisma-wellness.de\/index.php\/disclaimer\/#breadcrumb"},"inLanguage":"de","potentialAction":[{"@type":"ReadAction","target":["https:\/\/www.charisma-wellness.de\/index.php\/disclaimer\/"]}]},{"@type":"BreadcrumbList","@id":"https:\/\/www.charisma-wellness.de\/index.php\/disclaimer\/#breadcrumb","itemListElement":[{"@type":"ListItem","position":1,"name":"Startseite","item":"https:\/\/www.charisma-wellness.de\/"},{"@type":"ListItem","position":2,"name":"Disclaimer"}]},{"@type":"WebSite","@id":"https:\/\/www.charisma-wellness.de\/#website","url":"https:\/\/www.charisma-wellness.de\/","name":"charisma-wellness.de","description":"Charisma Wellness - Beauty &amp; Care","potentialAction":[{"@type":"SearchAction","target":{"@type":"EntryPoint","urlTemplate":"https:\/\/www.charisma-wellness.de\/?s={search_term_string}"},"query-input":{"@type":"PropertyValueSpecification","valueRequired":true,"valueName":"search_term_string"}}],"inLanguage":"de"}]}},"_links":{"self":[{"href":"https:\/\/www.charisma-wellness.de\/index.php\/wp-json\/wp\/v2\/pages\/10524","targetHints":{"allow":["GET"]}}],"collection":[{"href":"https:\/\/www.charisma-wellness.de\/index.php\/wp-json\/wp\/v2\/pages"}],"about":[{"href":"https:\/\/www.charisma-wellness.de\/index.php\/wp-json\/wp\/v2\/types\/page"}],"author":[{"embeddable":true,"href":"https:\/\/www.charisma-wellness.de\/index.php\/wp-json\/wp\/v2\/users\/4"}],"replies":[{"embeddable":true,"href":"https:\/\/www.charisma-wellness.de\/index.php\/wp-json\/wp\/v2\/comments?post=10524"}],"version-history":[{"count":3,"href":"https:\/\/www.charisma-wellness.de\/index.php\/wp-json\/wp\/v2\/pages\/10524\/revisions"}],"predecessor-version":[{"id":11634,"href":"https:\/\/www.charisma-wellness.de\/index.php\/wp-json\/wp\/v2\/pages\/10524\/revisions\/11634"}],"wp:attachment":[{"href":"https:\/\/www.charisma-wellness.de\/index.php\/wp-json\/wp\/v2\/media?parent=10524"}],"curies":[{"name":"wp","href":"https:\/\/api.w.org\/{rel}","templated":true}]}}